{"id":109,"date":"2021-10-26T07:36:13","date_gmt":"2021-10-26T07:36:13","guid":{"rendered":"https:\/\/physiotherapie-mk.de\/?page_id=109"},"modified":"2022-01-22T14:10:40","modified_gmt":"2022-01-22T14:10:40","slug":"impressum","status":"publish","type":"page","link":"https:\/\/physiotherapie-mk.de\/physiotherapie-in-nuernberg-boxdorf\/impressum","title":{"rendered":"Impressum"},"content":{"rendered":"\t\t<div data-elementor-type=\"wp-page\" data-elementor-id=\"109\" class=\"elementor elementor-109\" data-elementor-post-type=\"page\">\n\t\t\t\t\t\t<section class=\"elementor-section elementor-top-section elementor-element elementor-element-c45f239 elementor-section-boxed elementor-section-height-default elementor-section-height-default\" data-id=\"c45f239\" data-element_type=\"section\" data-e-type=\"section\">\n\t\t\t\t\t\t<div class=\"elementor-container elementor-column-gap-default\">\n\t\t\t\t\t<div class=\"elementor-column elementor-col-100 elementor-top-column elementor-element elementor-element-619fc52\" data-id=\"619fc52\" data-element_type=\"column\" data-e-type=\"column\">\n\t\t\t<div class=\"elementor-widget-wrap elementor-element-populated\">\n\t\t\t\t\t\t<div class=\"elementor-element elementor-element-af44bc1 elementor-widget elementor-widget-text-editor\" data-id=\"af44bc1\" data-element_type=\"widget\" data-e-type=\"widget\" data-widget_type=\"text-editor.default\">\n\t\t\t\t<div class=\"elementor-widget-container\">\n\t\t\t\t\t\t\t\t\t<h6>\u00a0<\/h6><h3>Impressum<\/h3><h3>\u00a0<\/h3><h3>Angaben gem\u00e4\u00df \u00a7 7 TMG<\/h3><h3>Praxis f\u00fcr Physiotherapie<br \/>Marius Koc<br \/>Erich-Ollenhauer-Stra\u00dfe 27<br \/>90427 N\u00fcrnberg<\/h3><h3>Telefon: 0911 \/ 32164175<br \/>E-Mail:\u00a0<u>info@physiotherapie-mk.de<\/u><\/h3><h3>\u00a0<\/h3><h3>Aufsichtsbeh\u00f6rde<\/h3><h2>Landesverband Bayern der Physiotherapeuten e.V.<br \/>Leibstr. 24 (1. Stock links)<br \/>85540 Haar<br \/><a href=\"https:\/\/bay.physio-deutschland.de\/landesverband-bayern.html\">https:\/\/bay.physio-deutschland.de\/landesverband-bayern.html<\/a><\/h2><h3>\u00a0<\/h3><h3>Berufsbezeichnung und berufsrechtliche Regelungen<\/h3><h2>Berufsbezeichnung: Physiotherapeut<br \/>Es gelten folgende berufsrechtliche Regelungen:\u00a0<\/h2><h2><a href=\"http:\/\/www.gesetze-im-internet.de\/mphg\/BJNR108400994.html\">http:\/\/www.gesetze-im-internet.de\/mphg\/BJNR108400994.html<\/a><\/h2><h3>\u00a0<\/h3><h3>Verantwortlich f\u00fcr den Inhalt nach \u00a7 55 Abs. 2 RStV<\/h3><h2>Marius Koc<br \/>Erich-Ollenhauer-Stra\u00dfe 27<br \/>90427 N\u00fcrnberg<\/h2><h3>\u00a0<\/h3><h3>Hinweis zur AGG-Konformit\u00e4t<\/h3><h2>Jede in unserem Internetauftritt verwendete m\u00e4nnliche Form bezieht selbstverst\u00e4ndlich die weibliche Form und ein drittes Geschlecht mit ein. Auf die Verwendung der unterschiedlichen Geschlechtsformen wird lediglich aus Gr\u00fcnden des Leseflusses verzichtet.<\/h2><h3>\u00a0<\/h3><h3>Streitschlichtung<\/h3><h2>Die Europ\u00e4ische Kommission stellt eine Plattform zur Online-Streitbeilegung (OS) bereit:\u00a0<a href=\"https:\/\/ec.europa.eu\/consumers\/odr\">https:\/\/ec.europa.eu\/consumers\/odr<\/a>. Unsere E-Mail-Adresse finden Sie oben im Impressum.<\/h2><h2>Wir sind nicht bereit oder verpflichtet, an Streitbeilegungsverfahren vor einer Verbraucherschlichtungsstelle teilzunehmen.<\/h2><h3>\u00a0<\/h3><h3>Haftung f\u00fcr Inhalte<\/h3><h2>Als Diensteanbieter sind wir gem\u00e4\u00df \u00a7 7 Abs.1 TMG f\u00fcr eigene Inhalte auf diesen Seiten nach den allgemeinen Gesetzen verantwortlich. Nach \u00a7\u00a7 8 bis 10 TMG sind wir als Diensteanbieter jedoch nicht verpflichtet, \u00fcbermittelte oder gespeicherte fremde Informationen zu \u00fcberwachen oder nach Umst\u00e4nden zu forschen, die auf eine rechtswidrige T\u00e4tigkeit hinweisen.<\/h2><h2>Verpflichtungen zur Entfernung oder Sperrung der Nutzung von Informationen nach den allgemeinen Gesetzen bleiben hiervon unber\u00fchrt. Eine diesbez\u00fcgliche Haftung ist jedoch erst ab dem Zeitpunkt der Kenntnis einer konkreten Rechtsverletzung m\u00f6glich. Bei Bekanntwerden von entsprechenden Rechtsverletzungen werden wir diese Inhalte umgehend entfernen.<\/h2><h3>\u00a0<\/h3><h3>Haftung f\u00fcr Links<\/h3><h2>Unser Angebot enth\u00e4lt Links zu externen Websites Dritter, auf deren Inhalte wir keinen Einfluss haben. Deshalb k\u00f6nnen wir f\u00fcr diese fremden Inhalte auch keine Gew\u00e4hr \u00fcbernehmen. F\u00fcr die Inhalte der verlinkten Seiten ist stets der jeweilige Anbieter oder Betreiber der Seiten verantwortlich. Die verlinkten Seiten wurden zum Zeitpunkt der Verlinkung auf m\u00f6gliche Rechtsverst\u00f6\u00dfe \u00fcberpr\u00fcft. Rechtswidrige Inhalte waren zum Zeitpunkt der Verlinkung nicht erkennbar.\u00a0<\/h2><h2><span style=\"color: var( --e-global-color-primary ); letter-spacing: 0px;\">Eine permanente inhaltliche Kontrolle der verlinkten Seiten ist jedoch ohne konkrete Anhaltspunkte einer Rechtsverletzung nicht zumutbar. Bei Bekanntwerden von Rechtsverletzungen werden wir derartige Links umgehend entfernen.<\/span><\/h2><h3>\u00a0<\/h3><h3>Urheberrecht<\/h3><h2>Die durch die Seitenbetreiber erstellten Inhalte und Werke auf diesen Seiten unterliegen dem deutschen Urheberrecht. Die Vervielf\u00e4ltigung, Bearbeitung, Verbreitung und jede Art der Verwertung au\u00dferhalb der Grenzen des Urheberrechtes bed\u00fcrfen der schriftlichen Zustimmung des jeweiligen Autors bzw. Erstellers. Downloads und Kopien dieser Seite sind nur f\u00fcr den privaten, nicht kommerziellen Gebrauch gestattet.<\/h2><h2>Soweit die Inhalte auf dieser Seite nicht vom Betreiber erstellt wurden, werden die Urheberrechte Dritter beachtet. Insbesondere werden Inhalte Dritter als solche gekennzeichnet. Sollten Sie trotzdem auf eine Urheberrechtsverletzung aufmerksam werden, bitten wir um einen entsprechenden Hinweis. Bei Bekanntwerden von Rechtsverletzungen werden wir derartige Inhalte umgehend entfernen.<\/h2>\t\t\t\t\t\t\t\t<\/div>\n\t\t\t\t<\/div>\n\t\t\t\t\t<\/div>\n\t\t<\/div>\n\t\t\t\t\t<\/div>\n\t\t<\/section>\n\t\t\t\t<\/div>\n\t\t","protected":false},"excerpt":{"rendered":"<p>\u00a0 Impressum \u00a0 Angaben gem\u00e4\u00df \u00a7 7 TMG Praxis f\u00fcr PhysiotherapieMarius KocErich-Ollenhauer-Stra\u00dfe 2790427 N\u00fcrnberg Telefon: 0911 \/ 32164175E-Mail:\u00a0info@physiotherapie-mk.de \u00a0 Aufsichtsbeh\u00f6rde Landesverband Bayern der Physiotherapeuten e.V.Leibstr. 24 (1. Stock links)85540 Haarhttps:\/\/bay.physio-deutschland.de\/landesverband-bayern.html \u00a0 Berufsbezeichnung und berufsrechtliche Regelungen Berufsbezeichnung: PhysiotherapeutEs gelten folgende berufsrechtliche Regelungen:\u00a0 http:\/\/www.gesetze-im-internet.de\/mphg\/BJNR108400994.html \u00a0 Verantwortlich f\u00fcr den Inhalt nach \u00a7 55 Abs. 2 RStV Marius KocErich-Ollenhauer-Stra\u00dfe [&hellip;]<\/p>\n","protected":false},"author":1,"featured_media":0,"parent":0,"menu_order":0,"comment_status":"closed","ping_status":"closed","template":"","meta":{"footnotes":""},"class_list":["post-109","page","type-page","status-publish","hentry"],"yoast_head":"<!-- This site is optimized with the Yoast SEO plugin v27.3 - https:\/\/yoast.com\/product\/yoast-seo-wordpress\/ -->\n<title>Impressum - Physiotherapie Marius Koc N\u00fcrnberg Boxdorf<\/title>\n<meta name=\"robots\" content=\"index, follow, max-snippet:-1, max-image-preview:large, max-video-preview:-1\" \/>\n<link rel=\"canonical\" href=\"https:\/\/physiotherapie-mk.de\/physiotherapie-in-nuernberg-boxdorf\/impressum\" \/>\n<meta property=\"og:locale\" content=\"de_DE\" \/>\n<meta property=\"og:type\" content=\"article\" \/>\n<meta property=\"og:title\" content=\"Impressum - Physiotherapie Marius Koc N\u00fcrnberg Boxdorf\" \/>\n<meta property=\"og:description\" content=\"\u00a0 Impressum \u00a0 Angaben gem\u00e4\u00df \u00a7 7 TMG Praxis f\u00fcr PhysiotherapieMarius KocErich-Ollenhauer-Stra\u00dfe 2790427 N\u00fcrnberg Telefon: 0911 \/ 32164175E-Mail:\u00a0info@physiotherapie-mk.de \u00a0 Aufsichtsbeh\u00f6rde Landesverband Bayern der Physiotherapeuten e.V.Leibstr. 24 (1. Stock links)85540 Haarhttps:\/\/bay.physio-deutschland.de\/landesverband-bayern.html \u00a0 Berufsbezeichnung und berufsrechtliche Regelungen Berufsbezeichnung: PhysiotherapeutEs gelten folgende berufsrechtliche Regelungen:\u00a0 http:\/\/www.gesetze-im-internet.de\/mphg\/BJNR108400994.html \u00a0 Verantwortlich f\u00fcr den Inhalt nach \u00a7 55 Abs. 2 RStV Marius KocErich-Ollenhauer-Stra\u00dfe [&hellip;]\" \/>\n<meta property=\"og:url\" content=\"https:\/\/physiotherapie-mk.de\/physiotherapie-in-nuernberg-boxdorf\/impressum\" \/>\n<meta property=\"og:site_name\" content=\"Physiotherapie Marius Koc N\u00fcrnberg Boxdorf\" \/>\n<meta property=\"article:modified_time\" content=\"2022-01-22T14:10:40+00:00\" \/>\n<meta name=\"twitter:card\" content=\"summary_large_image\" \/>\n<meta name=\"twitter:label1\" content=\"Gesch\u00e4tzte Lesezeit\" \/>\n\t<meta name=\"twitter:data1\" content=\"3\u00a0Minuten\" \/>\n<script type=\"application\/ld+json\" class=\"yoast-schema-graph\">{\"@context\":\"https:\\\/\\\/schema.org\",\"@graph\":[{\"@type\":\"WebPage\",\"@id\":\"https:\\\/\\\/physiotherapie-mk.de\\\/physiotherapie-in-nuernberg-boxdorf\\\/impressum\",\"url\":\"https:\\\/\\\/physiotherapie-mk.de\\\/physiotherapie-in-nuernberg-boxdorf\\\/impressum\",\"name\":\"Impressum - Physiotherapie Marius Koc N\u00fcrnberg Boxdorf\",\"isPartOf\":{\"@id\":\"https:\\\/\\\/physiotherapie-mk.de\\\/physiotherapie-in-nuernberg-boxdorf\\\/#website\"},\"datePublished\":\"2021-10-26T07:36:13+00:00\",\"dateModified\":\"2022-01-22T14:10:40+00:00\",\"breadcrumb\":{\"@id\":\"https:\\\/\\\/physiotherapie-mk.de\\\/physiotherapie-in-nuernberg-boxdorf\\\/impressum#breadcrumb\"},\"inLanguage\":\"de\",\"potentialAction\":[{\"@type\":\"ReadAction\",\"target\":[\"https:\\\/\\\/physiotherapie-mk.de\\\/physiotherapie-in-nuernberg-boxdorf\\\/impressum\"]}]},{\"@type\":\"BreadcrumbList\",\"@id\":\"https:\\\/\\\/physiotherapie-mk.de\\\/physiotherapie-in-nuernberg-boxdorf\\\/impressum#breadcrumb\",\"itemListElement\":[{\"@type\":\"ListItem\",\"position\":1,\"name\":\"Startseite\",\"item\":\"https:\\\/\\\/physiotherapie-mk.de\\\/physiotherapie-in-nuernberg-boxdorf\\\/\"},{\"@type\":\"ListItem\",\"position\":2,\"name\":\"Impressum\"}]},{\"@type\":\"WebSite\",\"@id\":\"https:\\\/\\\/physiotherapie-mk.de\\\/physiotherapie-in-nuernberg-boxdorf\\\/#website\",\"url\":\"https:\\\/\\\/physiotherapie-mk.de\\\/physiotherapie-in-nuernberg-boxdorf\\\/\",\"name\":\"Physiotherapie-mk\",\"description\":\"Willkommen bei Physiotherapie Marius Koc\",\"publisher\":{\"@id\":\"https:\\\/\\\/physiotherapie-mk.de\\\/physiotherapie-in-nuernberg-boxdorf\\\/#\\\/schema\\\/person\\\/d72f5e2474180006c4bf31a73cb40883\"},\"potentialAction\":[{\"@type\":\"SearchAction\",\"target\":{\"@type\":\"EntryPoint\",\"urlTemplate\":\"https:\\\/\\\/physiotherapie-mk.de\\\/physiotherapie-in-nuernberg-boxdorf\\\/?s={search_term_string}\"},\"query-input\":{\"@type\":\"PropertyValueSpecification\",\"valueRequired\":true,\"valueName\":\"search_term_string\"}}],\"inLanguage\":\"de\"},{\"@type\":[\"Person\",\"Organization\"],\"@id\":\"https:\\\/\\\/physiotherapie-mk.de\\\/physiotherapie-in-nuernberg-boxdorf\\\/#\\\/schema\\\/person\\\/d72f5e2474180006c4bf31a73cb40883\",\"name\":\"Marius\",\"image\":{\"@type\":\"ImageObject\",\"inLanguage\":\"de\",\"@id\":\"https:\\\/\\\/physiotherapie-mk.de\\\/wp-content\\\/uploads\\\/2021\\\/10\\\/logo.png\",\"url\":\"https:\\\/\\\/physiotherapie-mk.de\\\/wp-content\\\/uploads\\\/2021\\\/10\\\/logo.png\",\"contentUrl\":\"https:\\\/\\\/physiotherapie-mk.de\\\/wp-content\\\/uploads\\\/2021\\\/10\\\/logo.png\",\"width\":200,\"height\":150,\"caption\":\"Marius\"},\"logo\":{\"@id\":\"https:\\\/\\\/physiotherapie-mk.de\\\/wp-content\\\/uploads\\\/2021\\\/10\\\/logo.png\"},\"sameAs\":[\"http:\\\/\\\/physiotherapie-mk.de\"]}]}<\/script>\n<!-- \/ Yoast SEO plugin. -->","yoast_head_json":{"title":"Impressum - Physiotherapie Marius Koc N\u00fcrnberg Boxdorf","robots":{"index":"index","follow":"follow","max-snippet":"max-snippet:-1","max-image-preview":"max-image-preview:large","max-video-preview":"max-video-preview:-1"},"canonical":"https:\/\/physiotherapie-mk.de\/physiotherapie-in-nuernberg-boxdorf\/impressum","og_locale":"de_DE","og_type":"article","og_title":"Impressum - Physiotherapie Marius Koc N\u00fcrnberg Boxdorf","og_description":"\u00a0 Impressum \u00a0 Angaben gem\u00e4\u00df \u00a7 7 TMG Praxis f\u00fcr PhysiotherapieMarius KocErich-Ollenhauer-Stra\u00dfe 2790427 N\u00fcrnberg Telefon: 0911 \/ 32164175E-Mail:\u00a0info@physiotherapie-mk.de \u00a0 Aufsichtsbeh\u00f6rde Landesverband Bayern der Physiotherapeuten e.V.Leibstr. 24 (1. Stock links)85540 Haarhttps:\/\/bay.physio-deutschland.de\/landesverband-bayern.html \u00a0 Berufsbezeichnung und berufsrechtliche Regelungen Berufsbezeichnung: PhysiotherapeutEs gelten folgende berufsrechtliche Regelungen:\u00a0 http:\/\/www.gesetze-im-internet.de\/mphg\/BJNR108400994.html \u00a0 Verantwortlich f\u00fcr den Inhalt nach \u00a7 55 Abs. 2 RStV Marius KocErich-Ollenhauer-Stra\u00dfe [&hellip;]","og_url":"https:\/\/physiotherapie-mk.de\/physiotherapie-in-nuernberg-boxdorf\/impressum","og_site_name":"Physiotherapie Marius Koc N\u00fcrnberg Boxdorf","article_modified_time":"2022-01-22T14:10:40+00:00","twitter_card":"summary_large_image","twitter_misc":{"Gesch\u00e4tzte Lesezeit":"3\u00a0Minuten"},"schema":{"@context":"https:\/\/schema.org","@graph":[{"@type":"WebPage","@id":"https:\/\/physiotherapie-mk.de\/physiotherapie-in-nuernberg-boxdorf\/impressum","url":"https:\/\/physiotherapie-mk.de\/physiotherapie-in-nuernberg-boxdorf\/impressum","name":"Impressum - Physiotherapie Marius Koc N\u00fcrnberg Boxdorf","isPartOf":{"@id":"https:\/\/physiotherapie-mk.de\/physiotherapie-in-nuernberg-boxdorf\/#website"},"datePublished":"2021-10-26T07:36:13+00:00","dateModified":"2022-01-22T14:10:40+00:00","breadcrumb":{"@id":"https:\/\/physiotherapie-mk.de\/physiotherapie-in-nuernberg-boxdorf\/impressum#breadcrumb"},"inLanguage":"de","potentialAction":[{"@type":"ReadAction","target":["https:\/\/physiotherapie-mk.de\/physiotherapie-in-nuernberg-boxdorf\/impressum"]}]},{"@type":"BreadcrumbList","@id":"https:\/\/physiotherapie-mk.de\/physiotherapie-in-nuernberg-boxdorf\/impressum#breadcrumb","itemListElement":[{"@type":"ListItem","position":1,"name":"Startseite","item":"https:\/\/physiotherapie-mk.de\/physiotherapie-in-nuernberg-boxdorf\/"},{"@type":"ListItem","position":2,"name":"Impressum"}]},{"@type":"WebSite","@id":"https:\/\/physiotherapie-mk.de\/physiotherapie-in-nuernberg-boxdorf\/#website","url":"https:\/\/physiotherapie-mk.de\/physiotherapie-in-nuernberg-boxdorf\/","name":"Physiotherapie-mk","description":"Willkommen bei Physiotherapie Marius Koc","publisher":{"@id":"https:\/\/physiotherapie-mk.de\/physiotherapie-in-nuernberg-boxdorf\/#\/schema\/person\/d72f5e2474180006c4bf31a73cb40883"},"potentialAction":[{"@type":"SearchAction","target":{"@type":"EntryPoint","urlTemplate":"https:\/\/physiotherapie-mk.de\/physiotherapie-in-nuernberg-boxdorf\/?s={search_term_string}"},"query-input":{"@type":"PropertyValueSpecification","valueRequired":true,"valueName":"search_term_string"}}],"inLanguage":"de"},{"@type":["Person","Organization"],"@id":"https:\/\/physiotherapie-mk.de\/physiotherapie-in-nuernberg-boxdorf\/#\/schema\/person\/d72f5e2474180006c4bf31a73cb40883","name":"Marius","image":{"@type":"ImageObject","inLanguage":"de","@id":"https:\/\/physiotherapie-mk.de\/wp-content\/uploads\/2021\/10\/logo.png","url":"https:\/\/physiotherapie-mk.de\/wp-content\/uploads\/2021\/10\/logo.png","contentUrl":"https:\/\/physiotherapie-mk.de\/wp-content\/uploads\/2021\/10\/logo.png","width":200,"height":150,"caption":"Marius"},"logo":{"@id":"https:\/\/physiotherapie-mk.de\/wp-content\/uploads\/2021\/10\/logo.png"},"sameAs":["http:\/\/physiotherapie-mk.de"]}]}},"_links":{"self":[{"href":"https:\/\/physiotherapie-mk.de\/physiotherapie-in-nuernberg-boxdorf\/wp-json\/wp\/v2\/pages\/109","targetHints":{"allow":["GET"]}}],"collection":[{"href":"https:\/\/physiotherapie-mk.de\/physiotherapie-in-nuernberg-boxdorf\/wp-json\/wp\/v2\/pages"}],"about":[{"href":"https:\/\/physiotherapie-mk.de\/physiotherapie-in-nuernberg-boxdorf\/wp-json\/wp\/v2\/types\/page"}],"author":[{"embeddable":true,"href":"https:\/\/physiotherapie-mk.de\/physiotherapie-in-nuernberg-boxdorf\/wp-json\/wp\/v2\/users\/1"}],"replies":[{"embeddable":true,"href":"https:\/\/physiotherapie-mk.de\/physiotherapie-in-nuernberg-boxdorf\/wp-json\/wp\/v2\/comments?post=109"}],"version-history":[{"count":0,"href":"https:\/\/physiotherapie-mk.de\/physiotherapie-in-nuernberg-boxdorf\/wp-json\/wp\/v2\/pages\/109\/revisions"}],"wp:attachment":[{"href":"https:\/\/physiotherapie-mk.de\/physiotherapie-in-nuernberg-boxdorf\/wp-json\/wp\/v2\/media?parent=109"}],"curies":[{"name":"wp","href":"https:\/\/api.w.org\/{rel}","templated":true}]}}